{"id":726,"date":"2021-03-10T17:02:49","date_gmt":"2021-03-10T16:02:49","guid":{"rendered":"http:\/\/www.uveverky-eshop.com\/?post_type=product&#038;p=726"},"modified":"2024-11-21T17:08:08","modified_gmt":"2024-11-21T16:08:08","slug":"nakladane-syry","status":"publish","type":"product","link":"https:\/\/www.uveverky-eshop.com\/index.php\/produkt\/nakladane-syry\/","title":{"rendered":"Nakl\u00e1dan\u00e9 s\u00fdry"},"content":{"rendered":"<p>Objem: 200g<\/p>\n<p>Slo\u017een\u00ed: Olomouck\u00e9 tvar\u016f\u017eky, hermel\u00edn, gouda, niva, slune\u010dnicov\u00fd olej, cibule, chilli, country ko\u0159en\u00ed, \u010desnek<\/p>\n<p>Pro ty, kte\u0159\u00ed preferuj\u00ed s\u00fdry p\u0159ed masem, je tato kombinace naprostou v\u00fdhrou. Vychutnejte si k nap\u0159\u00edklad s v\u00ednem.<\/p>\n<p>&nbsp;<\/p>\n","protected":false},"excerpt":{"rendered":"<p>Gouda, niva, olomouck\u00e9 tvar\u016f\u017eky a hermel\u00edn v hlavn\u00ed roli. Pot\u011b\u0161\u00ed ka\u017ed\u00e9ho.<\/p>\n","protected":false},"featured_media":833,"comment_status":"open","ping_status":"closed","template":"","meta":{"spay_email":""},"_links":{"self":[{"href":"https:\/\/www.uveverky-eshop.com\/index.php\/wp-json\/wp\/v2\/product\/726"}],"collection":[{"href":"https:\/\/www.uveverky-eshop.com\/index.php\/wp-json\/wp\/v2\/product"}],"about":[{"href":"https:\/\/www.uveverky-eshop.com\/index.php\/wp-json\/wp\/v2\/types\/product"}],"replies":[{"embeddable":true,"href":"https:\/\/www.uveverky-eshop.com\/index.php\/wp-json\/wp\/v2\/comments?post=726"}],"wp:featuredmedia":[{"embeddable":true,"href":"https:\/\/www.uveverky-eshop.com\/index.php\/wp-json\/wp\/v2\/media\/833"}],"wp:attachment":[{"href":"https:\/\/www.uveverky-eshop.com\/index.php\/wp-json\/wp\/v2\/media?parent=726"}],"curies":[{"name":"wp","href":"https:\/\/api.w.org\/{rel}","templated":true}]}}