{"id":721,"date":"2021-03-10T16:28:00","date_gmt":"2021-03-10T15:28:00","guid":{"rendered":"http:\/\/www.uveverky-eshop.com\/?post_type=product&#038;p=721"},"modified":"2024-11-21T17:08:33","modified_gmt":"2024-11-21T16:08:33","slug":"kachni-maso-ve-vlastni-stave","status":"publish","type":"product","link":"https:\/\/www.uveverky-eshop.com\/index.php\/produkt\/kachni-maso-ve-vlastni-stave\/","title":{"rendered":"Kachn\u00ed maso ve vlastn\u00ed \u0161\u0165\u00e1v\u011b"},"content":{"rendered":"<p>Objem: 150g<\/p>\n<p>Slo\u017een\u00ed: Kachn\u00ed prso a stehno, tymi\u00e1n, s\u016fl, pep\u0159<\/p>\n<p>Kachn\u00ed maso ve vlastn\u00ed \u0161\u0165\u00e1v\u011b je vhodn\u00e9 a\u0165 u\u017e jako studen\u00e9 na \u010derstv\u00e9 pe\u010divo, tak na p\u0159ipraven\u00fd z\u00e1klad zpracovan\u00e9ho masa pro rychlou ve\u010de\u0159i.<\/p>\n","protected":false},"excerpt":{"rendered":"<p>Kachn\u00ed prso a stehno p\u0159edp\u0159ipraven\u00e9 pro dal\u0161\u00ed vyu\u017eit\u00ed v kuchyni.<\/p>\n","protected":false},"featured_media":834,"comment_status":"open","ping_status":"closed","template":"","meta":{"spay_email":""},"_links":{"self":[{"href":"https:\/\/www.uveverky-eshop.com\/index.php\/wp-json\/wp\/v2\/product\/721"}],"collection":[{"href":"https:\/\/www.uveverky-eshop.com\/index.php\/wp-json\/wp\/v2\/product"}],"about":[{"href":"https:\/\/www.uveverky-eshop.com\/index.php\/wp-json\/wp\/v2\/types\/product"}],"replies":[{"embeddable":true,"href":"https:\/\/www.uveverky-eshop.com\/index.php\/wp-json\/wp\/v2\/comments?post=721"}],"wp:featuredmedia":[{"embeddable":true,"href":"https:\/\/www.uveverky-eshop.com\/index.php\/wp-json\/wp\/v2\/media\/834"}],"wp:attachment":[{"href":"https:\/\/www.uveverky-eshop.com\/index.php\/wp-json\/wp\/v2\/media?parent=721"}],"curies":[{"name":"wp","href":"https:\/\/api.w.org\/{rel}","templated":true}]}}