{"id":719,"date":"2021-03-10T16:18:59","date_gmt":"2021-03-10T15:18:59","guid":{"rendered":"http:\/\/www.uveverky-eshop.com\/?post_type=product&#038;p=719"},"modified":"2024-11-21T17:08:44","modified_gmt":"2024-11-21T16:08:44","slug":"veprove-maso-ve-vlastni-stave","status":"publish","type":"product","link":"https:\/\/www.uveverky-eshop.com\/index.php\/produkt\/veprove-maso-ve-vlastni-stave\/","title":{"rendered":"Vep\u0159ov\u00e9 maso ve vlastn\u00ed \u0161\u0165\u00e1v\u011b"},"content":{"rendered":"<p>Objem: 250g<\/p>\n<p>Slo\u017een\u00ed: Vep\u0159ov\u00fd b\u016f\u010dek plec, tymi\u00e1n, s\u016fl, pep\u0159<\/p>\n<p>Vep\u0159ov\u00e9 maso ve vlastn\u00ed \u0161\u0165\u00e1v\u011b je vhodn\u00e9 a\u0165 u\u017e jako studen\u00e9 na \u010derstv\u00e9 pe\u010divo, tak na p\u0159ipraven\u00fd z\u00e1klad pro klasick\u00e9 om\u00e1\u010dky.<\/p>\n","protected":false},"excerpt":{"rendered":"<p>Vep\u0159ov\u00e9 maso jako z\u00e1klad do om\u00e1\u010dek pro rychlou ve\u010de\u0159i.<\/p>\n","protected":false},"featured_media":835,"comment_status":"open","ping_status":"closed","template":"","meta":{"spay_email":""},"_links":{"self":[{"href":"https:\/\/www.uveverky-eshop.com\/index.php\/wp-json\/wp\/v2\/product\/719"}],"collection":[{"href":"https:\/\/www.uveverky-eshop.com\/index.php\/wp-json\/wp\/v2\/product"}],"about":[{"href":"https:\/\/www.uveverky-eshop.com\/index.php\/wp-json\/wp\/v2\/types\/product"}],"replies":[{"embeddable":true,"href":"https:\/\/www.uveverky-eshop.com\/index.php\/wp-json\/wp\/v2\/comments?post=719"}],"wp:featuredmedia":[{"embeddable":true,"href":"https:\/\/www.uveverky-eshop.com\/index.php\/wp-json\/wp\/v2\/media\/835"}],"wp:attachment":[{"href":"https:\/\/www.uveverky-eshop.com\/index.php\/wp-json\/wp\/v2\/media?parent=719"}],"curies":[{"name":"wp","href":"https:\/\/api.w.org\/{rel}","templated":true}]}}