{"id":717,"date":"2021-03-10T16:15:08","date_gmt":"2021-03-10T15:15:08","guid":{"rendered":"http:\/\/www.uveverky-eshop.com\/?post_type=product&#038;p=717"},"modified":"2024-11-21T17:08:55","modified_gmt":"2024-11-21T16:08:55","slug":"domaci-skvarky-v-sadle","status":"publish","type":"product","link":"https:\/\/www.uveverky-eshop.com\/index.php\/produkt\/domaci-skvarky-v-sadle\/","title":{"rendered":"Dom\u00e1c\u00ed \u0161kvarky v s\u00e1dle"},"content":{"rendered":"<p>Objem: 300g<\/p>\n<p>Slo\u017een\u00ed: Vep\u0159ov\u00e9 \u0161kvarky, b\u00edl\u00e9 v\u00edno, drcen\u00fd km\u00edn, s\u016fl, vep\u0159ov\u00e9 h\u0159betn\u00ed s\u00e1dlo<\/p>\n<p>Na\u0161e \u0161kvarky jsou nejlep\u0161\u00ed kamar\u00e1di s \u010derstv\u00fdm pe\u010divem. Doporu\u010dujeme!<\/p>\n","protected":false},"excerpt":{"rendered":"<p>Ty nejv\u00edc vype\u010den\u00e9 \u0161kvarky v s\u00e1dle lehk\u00e9m jako p\u00edrko.<\/p>\n","protected":false},"featured_media":837,"comment_status":"open","ping_status":"closed","template":"","meta":{"spay_email":""},"_links":{"self":[{"href":"https:\/\/www.uveverky-eshop.com\/index.php\/wp-json\/wp\/v2\/product\/717"}],"collection":[{"href":"https:\/\/www.uveverky-eshop.com\/index.php\/wp-json\/wp\/v2\/product"}],"about":[{"href":"https:\/\/www.uveverky-eshop.com\/index.php\/wp-json\/wp\/v2\/types\/product"}],"replies":[{"embeddable":true,"href":"https:\/\/www.uveverky-eshop.com\/index.php\/wp-json\/wp\/v2\/comments?post=717"}],"wp:featuredmedia":[{"embeddable":true,"href":"https:\/\/www.uveverky-eshop.com\/index.php\/wp-json\/wp\/v2\/media\/837"}],"wp:attachment":[{"href":"https:\/\/www.uveverky-eshop.com\/index.php\/wp-json\/wp\/v2\/media?parent=717"}],"curies":[{"name":"wp","href":"https:\/\/api.w.org\/{rel}","templated":true}]}}