{"id":681,"date":"2021-03-04T21:39:04","date_gmt":"2021-03-04T20:39:04","guid":{"rendered":"http:\/\/www.uveverky-eshop.com\/?post_type=product&#038;p=681"},"modified":"2023-12-05T11:01:27","modified_gmt":"2023-12-05T10:01:27","slug":"veprovy-rillettes","status":"publish","type":"product","link":"https:\/\/www.uveverky-eshop.com\/index.php\/produkt\/veprovy-rillettes\/","title":{"rendered":"Vep\u0159ov\u00fd rillettes"},"content":{"rendered":"<p>Objem: 200g<\/p>\n<p>Slo\u017een\u00ed: Vep\u0159ov\u00e9 maso, vep\u0159ov\u00fd tuk, s\u016fl, pep\u0159, tymi\u00e1n, chilli, \u010desnek, cibule<\/p>\n<p>Vhodn\u00e9 na \u010derstv\u00fd chl\u00e9b s nakl\u00e1danou okurkou, nebo pro dal\u0161\u00ed zpracov\u00e1n\u00ed v kuchyni, nap\u0159\u00edklad vep\u0159ov\u00fd burger s trhan\u00fdm masem.<\/p>\n","protected":false},"excerpt":{"rendered":"<p>Vychutnejte si trhan\u00e9 vep\u0159ov\u00e9 maso s chilli, \u010desnekem a tymi\u00e1nem.<\/p>\n","protected":false},"featured_media":838,"comment_status":"open","ping_status":"closed","template":"","meta":{"spay_email":""},"_links":{"self":[{"href":"https:\/\/www.uveverky-eshop.com\/index.php\/wp-json\/wp\/v2\/product\/681"}],"collection":[{"href":"https:\/\/www.uveverky-eshop.com\/index.php\/wp-json\/wp\/v2\/product"}],"about":[{"href":"https:\/\/www.uveverky-eshop.com\/index.php\/wp-json\/wp\/v2\/types\/product"}],"replies":[{"embeddable":true,"href":"https:\/\/www.uveverky-eshop.com\/index.php\/wp-json\/wp\/v2\/comments?post=681"}],"wp:featuredmedia":[{"embeddable":true,"href":"https:\/\/www.uveverky-eshop.com\/index.php\/wp-json\/wp\/v2\/media\/838"}],"wp:attachment":[{"href":"https:\/\/www.uveverky-eshop.com\/index.php\/wp-json\/wp\/v2\/media?parent=681"}],"curies":[{"name":"wp","href":"https:\/\/api.w.org\/{rel}","templated":true}]}}