{"id":254,"date":"2020-02-05T01:00:02","date_gmt":"2020-02-05T00:00:02","guid":{"rendered":"https:\/\/parkofideas.com\/foodz\/demo1\/?post_type=product&#038;p=254"},"modified":"2024-11-21T17:09:19","modified_gmt":"2024-11-21T16:09:19","slug":"amandine","status":"publish","type":"product","link":"https:\/\/www.uveverky-eshop.com\/index.php\/produkt\/amandine\/","title":{"rendered":"Voucher 1.000 K\u010d"},"content":{"rendered":"<p>Voucher v hodnot\u011b 1.000 K\u010d na konzumaci v na\u0161\u00ed restauraci, kter\u00fd se vztahuje na pokrmy i n\u00e1poje.<\/p>\n","protected":false},"excerpt":{"rendered":"<p>U\u017eijte si chv\u00edle v na\u0161\u00ed restauraci a po\u0159i\u010fte si voucher na konzumaci!<\/p>\n","protected":false},"featured_media":670,"comment_status":"open","ping_status":"closed","template":"","meta":{"spay_email":""},"_links":{"self":[{"href":"https:\/\/www.uveverky-eshop.com\/index.php\/wp-json\/wp\/v2\/product\/254"}],"collection":[{"href":"https:\/\/www.uveverky-eshop.com\/index.php\/wp-json\/wp\/v2\/product"}],"about":[{"href":"https:\/\/www.uveverky-eshop.com\/index.php\/wp-json\/wp\/v2\/types\/product"}],"replies":[{"embeddable":true,"href":"https:\/\/www.uveverky-eshop.com\/index.php\/wp-json\/wp\/v2\/comments?post=254"}],"wp:featuredmedia":[{"embeddable":true,"href":"https:\/\/www.uveverky-eshop.com\/index.php\/wp-json\/wp\/v2\/media\/670"}],"wp:attachment":[{"href":"https:\/\/www.uveverky-eshop.com\/index.php\/wp-json\/wp\/v2\/media?parent=254"}],"curies":[{"name":"wp","href":"https:\/\/api.w.org\/{rel}","templated":true}]}}