{"id":431,"date":"2019-04-09T14:33:23","date_gmt":"2019-04-09T13:33:23","guid":{"rendered":"https:\/\/parkofideas.com\/foodz\/demo1\/?page_id=431"},"modified":"2021-03-10T22:08:14","modified_gmt":"2021-03-10T21:08:14","slug":"mujucet","status":"publish","type":"page","link":"https:\/\/www.uveverky-eshop.com\/index.php\/mujucet\/","title":{"rendered":"M\u016fj \u00fa\u010det"},"content":{"rendered":"\n<div class=\"woocommerce\">\n<header class=\"c-page-header c-page-header--no-padding\">\n\t<h1 class=\"c-page-header__title c-page-header__title--tabs\">\n\t\t<a href=\"#\" class=\"c-page-header__tab-login c-page-header__tab-login--active js-tab-header\" data-tab-class=\"js-login-form\">P\u0159ihl\u00e1\u0161en\u00ed<\/a>\n\t\t\t\t\t<span class=\"c-page-header__title-or\">or<\/span>\n\t\t\t<a href=\"#\" class=\"c-page-header__tab-register c-page-header__tab-register--not-active js-tab-header\" data-tab-class=\"js-register-form\">Create Account<\/a>\n\t\t\t<\/h1>\n<\/header>\n\n\n<div class=\"c-login\" id=\"customer_login\">\n\n\t<div class=\"c-login__form js-login-form c-login__form--active\">\n\t\t<form class=\"c-form\" method=\"post\">\n\n\t\t\t\n\t\t\t<p class=\"c-form__row\">\n\t\t\t\t<label class=\"c-form__label\" for=\"username\">U\u017eivatelsk\u00e9 jm\u00e9no nebo e-mailov\u00e1 adresa\t\t\t\t\t<span class=\"required\">*<\/span><\/label>\n\t\t\t\t<input type=\"text\" class=\"c-form__input c-form__input--full c-form__input--fill woocommerce-Input woocommerce-Input--text input-text\" name=\"username\" id=\"username\" autocomplete=\"username\" value=\"\" \/>\n\t\t\t<\/p>\n\t\t\t<p class=\"c-form__row\">\n\t\t\t\t<label class=\"c-form__label\" for=\"password\">Heslo\t\t\t\t\t<span class=\"required\">*<\/span><\/label>\n\t\t\t\t<input class=\"c-form__input c-form__input--full c-form__input--fill woocommerce-Input woocommerce-Input--text input-text\" type=\"password\" name=\"password\" id=\"password\" autocomplete=\"current-password\" \/>\n\t\t\t<\/p>\n\n\t\t\t\n\t\t\t<p class=\"c-form__row c-form__row--inline\">\n\t\t\t\t<input type=\"hidden\" id=\"woocommerce-login-nonce\" name=\"woocommerce-login-nonce\" value=\"9c28b16702\" \/><input type=\"hidden\" name=\"_wp_http_referer\" value=\"\/index.php\/wp-json\/wp\/v2\/pages\/431\" \/>\t\t\t\t<label class=\"c-form__label\">\n\t\t\t\t\t<input class=\"c-form__checkbox\" name=\"rememberme\" type=\"checkbox\" id=\"rememberme\" value=\"forever\" \/><i><\/i> Zapamatujte si m\u011b\t\t\t\t<\/label>\n\t\t\t\t<span class=\"c-login__lost-password\">\n\t\t\t\t\t<a class=\"c-login__lost-password-link\" href=\"https:\/\/www.uveverky-eshop.com\/wp-login.php?action=lostpassword\">Zapomn\u011bli jste heslo?<\/a>\n\t\t\t\t<\/span>\n\t\t\t<\/p>\n\n\t\t\t<p class=\"c-form__row\">\n\t\t\t\t<button type=\"submit\" class=\"c-form__button woocommerce-Button button\" name=\"login\" value=\"P\u0159ihl\u00e1sit se\">P\u0159ihl\u00e1sit se<\/button>\n\t\t\t<\/p>\n\n\n\n\t\t\t\n\t\t<\/form>\n\t<\/div>\n\n\t\n\t\t<div class=\"c-login__form js-register-form\">\n\t\t\t<form method=\"post\" class=\"c-form\" >\n\n\t\t\t\t\n\t\t\t\t\n\t\t\t\t<p class=\"c-form__row\">\n\t\t\t\t\t<label class=\"c-form__label\" for=\"reg_email\">E-mailov\u00e1 adresa\t\t\t\t\t\t<span class=\"required\">*<\/span><\/label>\n\t\t\t\t\t<input type=\"email\" class=\"c-form__input c-form__input--full c-form__input--fill woocommerce-Input woocommerce-Input--text input-text\" name=\"email\" id=\"reg_email\" autocomplete=\"email\" value=\"\" \/>\n\t\t\t\t<\/p>\n\n\t\t\t\t\n\t\t\t\t\t<p class=\"c-form__row\">Heslo bude odesl\u00e1no na va\u0161i e-mailovou adresu.<\/p>\n\n\t\t\t\t\n\t\t\t\t<div class=\"woocommerce-privacy-policy-text\"><p>Va\u0161e osobn\u00ed \u00fadaje budou pou\u017eity ke zv\u00fd\u0161en\u00ed spokojenosti po celou dobu proch\u00e1zen\u00ed tohoto webu, ke spr\u00e1v\u011b p\u0159\u00edstupu do va\u0161eho \u00fa\u010dtu a k dal\u0161\u00edm \u00fa\u010del\u016fm popsan\u00fdm na str\u00e1nce <a href=\"https:\/\/www.uveverky-eshop.com\/index.php\/osobni-udaje\/\" class=\"woocommerce-privacy-policy-link\" target=\"_blank\">ochrana osobn\u00edch \u00fadaj\u016f<\/a>.<\/p>\n<\/div>\n\t\t\t\t<p class=\"c-form__row\">\n\t\t\t\t\t<input type=\"hidden\" id=\"woocommerce-register-nonce\" name=\"woocommerce-register-nonce\" value=\"0c9a4dcac1\" \/><input type=\"hidden\" name=\"_wp_http_referer\" value=\"\/index.php\/wp-json\/wp\/v2\/pages\/431\" \/>\t\t\t\t\t<button type=\"submit\" class=\"c-form__button woocommerce-Button button\" name=\"register\" value=\"Registrovat se\">Registrovat se<\/button>\n\t\t\t\t<\/p>\n\n\t\t\t\t\n\t\t\t<\/form>\n\t\t<\/div>\n\n\t\n\t<\/div>\n<\/div>\n","protected":false},"excerpt":{"rendered":"","protected":false},"author":1,"featured_media":0,"parent":0,"menu_order":0,"comment_status":"closed","ping_status":"closed","template":"","meta":{"spay_email":""},"_links":{"self":[{"href":"https:\/\/www.uveverky-eshop.com\/index.php\/wp-json\/wp\/v2\/pages\/431"}],"collection":[{"href":"https:\/\/www.uveverky-eshop.com\/index.php\/wp-json\/wp\/v2\/pages"}],"about":[{"href":"https:\/\/www.uveverky-eshop.com\/index.php\/wp-json\/wp\/v2\/types\/page"}],"author":[{"embeddable":true,"href":"https:\/\/www.uveverky-eshop.com\/index.php\/wp-json\/wp\/v2\/users\/1"}],"replies":[{"embeddable":true,"href":"https:\/\/www.uveverky-eshop.com\/index.php\/wp-json\/wp\/v2\/comments?post=431"}],"version-history":[{"count":1,"href":"https:\/\/www.uveverky-eshop.com\/index.php\/wp-json\/wp\/v2\/pages\/431\/revisions"}],"predecessor-version":[{"id":744,"href":"https:\/\/www.uveverky-eshop.com\/index.php\/wp-json\/wp\/v2\/pages\/431\/revisions\/744"}],"wp:attachment":[{"href":"https:\/\/www.uveverky-eshop.com\/index.php\/wp-json\/wp\/v2\/media?parent=431"}],"curies":[{"name":"wp","href":"https:\/\/api.w.org\/{rel}","templated":true}]}}